{"id":1084,"date":"2022-08-17T21:46:50","date_gmt":"2022-08-17T21:46:50","guid":{"rendered":"https:\/\/llasa.cl\/?page_id=1084"},"modified":"2022-08-19T13:29:24","modified_gmt":"2022-08-19T13:29:24","slug":"ficha-de-productos-rollete","status":"publish","type":"page","link":"https:\/\/llasa.cl\/en\/ficha-de-productos-rollete\/","title":{"rendered":"Ficha de Productos Rollete"},"content":{"rendered":"<div data-elementor-type=\"wp-page\" data-elementor-id=\"1084\" class=\"elementor elementor-1084\">\n\t\t\t\t\t\t\t\t\t<section class=\"elementor-section elementor-top-section elementor-element elementor-element-23803d12 elementor-section-height-min-height elementor-section-full_width elementor-section-height-default elementor-section-items-middle\" data-id=\"23803d12\" data-element_type=\"section\" data-settings=\"{&quot;background_background&quot;:&quot;classic&quot;}\">\n\t\t\t\t\t\t<div class=\"elementor-container elementor-column-gap-default\">\n\t\t\t\t\t<div class=\"elementor-column elementor-col-100 elementor-top-column elementor-element elementor-element-3e4c94ce\" data-id=\"3e4c94ce\" data-element_type=\"column\">\n\t\t\t<div class=\"elementor-widget-wrap elementor-element-populated\">\n\t\t\t\t\t\t\t\t<div class=\"elementor-element elementor-element-53e8f4e4 elementor-widget elementor-widget-heading\" data-id=\"53e8f4e4\" data-element_type=\"widget\" data-widget_type=\"heading.default\">\n\t\t\t\t<div class=\"elementor-widget-container\">\n\t\t\t<style>\/*! elementor - v3.6.4 - 13-04-2022 *\/\n.elementor-heading-title{padding:0;margin:0;line-height:1}.elementor-widget-heading .elementor-heading-title[class*=elementor-size-]>a{color:inherit;font-size:inherit;line-height:inherit}.elementor-widget-heading .elementor-heading-title.elementor-size-small{font-size:15px}.elementor-widget-heading .elementor-heading-title.elementor-size-medium{font-size:19px}.elementor-widget-heading .elementor-heading-title.elementor-size-large{font-size:29px}.elementor-widget-heading .elementor-heading-title.elementor-size-xl{font-size:39px}.elementor-widget-heading .elementor-heading-title.elementor-size-xxl{font-size:59px}<\/style><h2 class=\"elementor-heading-title elementor-size-default\">TECHNICAL DATA<\/h2>\t\t<\/div>\n\t\t\t\t<\/div>\n\t\t\t\t<div class=\"elementor-element elementor-element-5a2cc2d1 elementor-widget-divider--view-line elementor-widget elementor-widget-divider\" data-id=\"5a2cc2d1\" data-element_type=\"widget\" data-widget_type=\"divider.default\">\n\t\t\t\t<div class=\"elementor-widget-container\">\n\t\t\t<style>\/*! elementor - v3.6.4 - 13-04-2022 *\/\n.elementor-widget-divider{--divider-border-style:none;--divider-border-width:1px;--divider-color:#2c2c2c;--divider-icon-size:20px;--divider-element-spacing:10px;--divider-pattern-height:24px;--divider-pattern-size:20px;--divider-pattern-url:none;--divider-pattern-repeat:repeat-x}.elementor-widget-divider .elementor-divider{display:-webkit-box;display:-ms-flexbox;display:flex}.elementor-widget-divider .elementor-divider__text{font-size:15px;line-height:1;max-width:95%}.elementor-widget-divider .elementor-divider__element{margin:0 var(--divider-element-spacing);-ms-flex-negative:0;flex-shrink:0}.elementor-widget-divider .elementor-icon{font-size:var(--divider-icon-size)}.elementor-widget-divider .elementor-divider-separator{display:-webkit-box;display:-ms-flexbox;display:flex;margin:0;direction:ltr}.elementor-widget-divider--view-line_icon .elementor-divider-separator,.elementor-widget-divider--view-line_text .elementor-divider-separator{-webkit-box-align:center;-ms-flex-align:center;align-items:center}.elementor-widget-divider--view-line_icon .elementor-divider-separator:after,.elementor-widget-divider--view-line_icon .elementor-divider-separator:before,.elementor-widget-divider--view-line_text .elementor-divider-separator:after,.elementor-widget-divider--view-line_text .elementor-divider-separator:before{display:block;content:\"\";border-bottom:0;-webkit-box-flex:1;-ms-flex-positive:1;flex-grow:1;border-top:var(--divider-border-width) var(--divider-border-style) var(--divider-color)}.elementor-widget-divider--element-align-left .elementor-divider .elementor-divider-separator>.elementor-divider__svg:first-of-type{-webkit-box-flex:0;-ms-flex-positive:0;flex-grow:0;-ms-flex-negative:100;flex-shrink:100}.elementor-widget-divider--element-align-left .elementor-divider-separator:before{content:none}.elementor-widget-divider--element-align-left .elementor-divider__element{margin-left:0}.elementor-widget-divider--element-align-right .elementor-divider .elementor-divider-separator>.elementor-divider__svg:last-of-type{-webkit-box-flex:0;-ms-flex-positive:0;flex-grow:0;-ms-flex-negative:100;flex-shrink:100}.elementor-widget-divider--element-align-right .elementor-divider-separator:after{content:none}.elementor-widget-divider--element-align-right .elementor-divider__element{margin-right:0}.elementor-widget-divider:not(.elementor-widget-divider--view-line_text):not(.elementor-widget-divider--view-line_icon) .elementor-divider-separator{border-top:var(--divider-border-width) var(--divider-border-style) var(--divider-color)}.elementor-widget-divider--separator-type-pattern{--divider-border-style:none}.elementor-widget-divider--separator-type-pattern.elementor-widget-divider--view-line .elementor-divider-separator,.elementor-widget-divider--separator-type-pattern:not(.elementor-widget-divider--view-line) .elementor-divider-separator:after,.elementor-widget-divider--separator-type-pattern:not(.elementor-widget-divider--view-line) .elementor-divider-separator:before,.elementor-widget-divider--separator-type-pattern:not([class*=elementor-widget-divider--view]) .elementor-divider-separator{width:100%;min-height:var(--divider-pattern-height);-webkit-mask-size:var(--divider-pattern-size) 100%;mask-size:var(--divider-pattern-size) 100%;-webkit-mask-repeat:var(--divider-pattern-repeat);mask-repeat:var(--divider-pattern-repeat);background-color:var(--divider-color);-webkit-mask-image:var(--divider-pattern-url);mask-image:var(--divider-pattern-url)}.elementor-widget-divider--no-spacing{--divider-pattern-size:auto}.elementor-widget-divider--bg-round{--divider-pattern-repeat:round}.rtl .elementor-widget-divider .elementor-divider__text{direction:rtl}<\/style>\t\t<div class=\"elementor-divider\">\n\t\t\t<span class=\"elementor-divider-separator\">\n\t\t\t\t\t\t<\/span>\n\t\t<\/div>\n\t\t\t\t<\/div>\n\t\t\t\t<\/div>\n\t\t\t\t<div class=\"elementor-element elementor-element-6456952a elementor-widget elementor-widget-heading\" data-id=\"6456952a\" data-element_type=\"widget\" data-widget_type=\"heading.default\">\n\t\t\t\t<div class=\"elementor-widget-container\">\n\t\t\t<h4 class=\"elementor-heading-title elementor-size-default\">POLES<\/h4>\t\t<\/div>\n\t\t\t\t<\/div>\n\t\t\t\t\t<\/div>\n\t\t<\/div>\n\t\t\t\t\t\t\t<\/div>\n\t\t<\/section>\n\t\t\t\t<section class=\"elementor-section elementor-top-section elementor-element elementor-element-6658b686 elementor-section-boxed elementor-section-height-default elementor-section-height-default\" data-id=\"6658b686\" data-element_type=\"section\" id=\"1\">\n\t\t\t\t\t\t<div class=\"elementor-container elementor-column-gap-default\">\n\t\t\t\t\t<div class=\"elementor-column elementor-col-50 elementor-top-column elementor-element elementor-element-4189d0\" data-id=\"4189d0\" data-element_type=\"column\">\n\t\t\t<div class=\"elementor-widget-wrap elementor-element-populated\">\n\t\t\t\t\t\t\t\t<div class=\"elementor-element elementor-element-5f134b81 elementor-widget elementor-widget-gallery\" data-id=\"5f134b81\" data-element_type=\"widget\" data-settings=\"{&quot;columns&quot;:1,&quot;lazyload&quot;:&quot;yes&quot;,&quot;gallery_layout&quot;:&quot;grid&quot;,&quot;columns_tablet&quot;:2,&quot;columns_mobile&quot;:1,&quot;gap&quot;:{&quot;unit&quot;:&quot;px&quot;,&quot;size&quot;:10,&quot;sizes&quot;:[]},&quot;gap_tablet&quot;:{&quot;unit&quot;:&quot;px&quot;,&quot;size&quot;:10,&quot;sizes&quot;:[]},&quot;gap_mobile&quot;:{&quot;unit&quot;:&quot;px&quot;,&quot;size&quot;:10,&quot;sizes&quot;:[]},&quot;aspect_ratio&quot;:&quot;3:2&quot;,&quot;overlay_background&quot;:&quot;yes&quot;,&quot;content_hover_animation&quot;:&quot;fade-in&quot;}\" data-widget_type=\"gallery.default\">\n\t\t\t\t<div class=\"elementor-widget-container\">\n\t\t\t<style>\/*! pro-elements - v3.6.4 - 15-03-2022 *\/\n.elementor-gallery__container{min-height:1px}.elementor-gallery-item{position:relative;overflow:hidden;display:block;text-decoration:none;border:solid var(--image-border-width) var(--image-border-color);border-radius:var(--image-border-radius)}.elementor-gallery-item__content,.elementor-gallery-item__overlay{height:100%;width:100%;position:absolute;top:0;left:0}.elementor-gallery-item__overlay{mix-blend-mode:var(--overlay-mix-blend-mode);-webkit-transition-duration:var(--overlay-transition-duration);-o-transition-duration:var(--overlay-transition-duration);transition-duration:var(--overlay-transition-duration);-webkit-transition-property:mix-blend-mode,opacity,background-color,-webkit-transform;transition-property:mix-blend-mode,opacity,background-color,-webkit-transform;-o-transition-property:mix-blend-mode,transform,opacity,background-color;transition-property:mix-blend-mode,transform,opacity,background-color;transition-property:mix-blend-mode,transform,opacity,background-color,-webkit-transform}.elementor-gallery-item__image.e-gallery-image{-webkit-transition-duration:var(--image-transition-duration);-o-transition-duration:var(--image-transition-duration);transition-duration:var(--image-transition-duration);-webkit-transition-property:-webkit-filter,-webkit-transform;transition-property:-webkit-filter,-webkit-transform;-o-transition-property:filter,transform;transition-property:filter,transform;transition-property:filter,transform,-webkit-filter,-webkit-transform}.elementor-gallery-item__content{display:-webkit-box;display:-ms-flexbox;display:flex;-webkit-box-orient:vertical;-webkit-box-direction:normal;-ms-flex-direction:column;flex-direction:column;-webkit-box-pack:var(--content-justify-content,center);-ms-flex-pack:var(--content-justify-content,center);justify-content:var(--content-justify-content,center);-webkit-box-align:center;-ms-flex-align:center;align-items:center;text-align:var(--content-text-align);padding:var(--content-padding)}.elementor-gallery-item__content>div{-webkit-transition-duration:var(--content-transition-duration);-o-transition-duration:var(--content-transition-duration);transition-duration:var(--content-transition-duration)}.elementor-gallery-item__content.elementor-gallery--sequenced-animation>div:nth-child(2){-webkit-transition-delay:calc((var(--content-transition-delay) \/ 3));-o-transition-delay:calc((var(--content-transition-delay) \/ 3));transition-delay:calc((var(--content-transition-delay) \/ 3))}.elementor-gallery-item__content.elementor-gallery--sequenced-animation>div:nth-child(3){-webkit-transition-delay:calc((var(--content-transition-delay) \/ 3) * 2);-o-transition-delay:calc((var(--content-transition-delay) \/ 3) * 2);transition-delay:calc((var(--content-transition-delay) \/ 3) * 2)}.elementor-gallery-item__content.elementor-gallery--sequenced-animation>div:nth-child(4){-webkit-transition-delay:calc((var(--content-transition-delay) \/ 3) * 3);-o-transition-delay:calc((var(--content-transition-delay) \/ 3) * 3);transition-delay:calc((var(--content-transition-delay) \/ 3) * 3)}.elementor-gallery-item__description{color:var(--description-text-color,#fff);width:100%}.elementor-gallery-item__title{color:var(--title-text-color,#fff);font-weight:700;width:100%}.elementor-gallery__titles-container{display:-webkit-box;display:-ms-flexbox;display:flex;-ms-flex-wrap:wrap;flex-wrap:wrap;-webkit-box-pack:var(--titles-container-justify-content,center);-ms-flex-pack:var(--titles-container-justify-content,center);justify-content:var(--titles-container-justify-content,center);margin-bottom:20px}.elementor-gallery__titles-container:not(.e--pointer-framed) .elementor-item:after,.elementor-gallery__titles-container:not(.e--pointer-framed) .elementor-item:before{background-color:var(--galleries-pointer-bg-color-hover)}.elementor-gallery__titles-container:not(.e--pointer-framed) .elementor-item.elementor-item-active:after,.elementor-gallery__titles-container:not(.e--pointer-framed) .elementor-item.elementor-item-active:before{background-color:var(--galleries-pointer-bg-color-active)}.elementor-gallery__titles-container.e--pointer-framed .elementor-item:before{border-color:var(--galleries-pointer-bg-color-hover);border-width:var(--galleries-pointer-border-width)}.elementor-gallery__titles-container.e--pointer-framed .elementor-item:after{border-color:var(--galleries-pointer-bg-color-hover)}.elementor-gallery__titles-container.e--pointer-framed .elementor-item.elementor-item-active:after,.elementor-gallery__titles-container.e--pointer-framed .elementor-item.elementor-item-active:before{border-color:var(--galleries-pointer-bg-color-active)}.elementor-gallery__titles-container.e--pointer-framed.e--animation-draw .elementor-item:before{border-left-width:var(--galleries-pointer-border-width);border-bottom-width:var(--galleries-pointer-border-width);border-right-width:0;border-top-width:0}.elementor-gallery__titles-container.e--pointer-framed.e--animation-draw .elementor-item:after{border-left-width:0;border-bottom-width:0;border-right-width:var(--galleries-pointer-border-width);border-top-width:var(--galleries-pointer-border-width)}.elementor-gallery__titles-container.e--pointer-framed.e--animation-corners .elementor-item:before{border-left-width:var(--galleries-pointer-border-width);border-bottom-width:0;border-right-width:0;border-top-width:var(--galleries-pointer-border-width)}.elementor-gallery__titles-container.e--pointer-framed.e--animation-corners .elementor-item:after{border-left-width:0;border-bottom-width:var(--galleries-pointer-border-width);border-right-width:var(--galleries-pointer-border-width);border-top-width:0}.elementor-gallery__titles-container .e--pointer-double-line .elementor-item:after,.elementor-gallery__titles-container .e--pointer-double-line .elementor-item:before,.elementor-gallery__titles-container .e--pointer-overline .elementor-item:before,.elementor-gallery__titles-container .e--pointer-underline .elementor-item:after{height:var(--galleries-pointer-border-width)}.elementor-gallery-title{--space-between:10px;cursor:pointer;color:#6d7882;font-weight:500;position:relative;padding:7px 14px;-webkit-transition:all .3s;-o-transition:all .3s;transition:all .3s}.elementor-gallery-title--active{color:#495157}.elementor-gallery-title:not(:last-child){margin-right:var(--space-between)}.elementor-gallery-item__title+.elementor-gallery-item__description{margin-top:var(--description-margin-top)}.e-gallery-item.elementor-gallery-item{-webkit-transition-property:all;-o-transition-property:all;transition-property:all}.e-gallery-item.elementor-animated-content .elementor-animated-item--enter-from-bottom,.e-gallery-item.elementor-animated-content .elementor-animated-item--enter-from-left,.e-gallery-item.elementor-animated-content .elementor-animated-item--enter-from-right,.e-gallery-item.elementor-animated-content .elementor-animated-item--enter-from-top,.e-gallery-item:hover .elementor-gallery__item-overlay-bg,.e-gallery-item:hover .elementor-gallery__item-overlay-content,.e-gallery-item:hover .elementor-gallery__item-overlay-content__description,.e-gallery-item:hover .elementor-gallery__item-overlay-content__title{opacity:1}a.elementor-item.elementor-gallery-title{color:var(--galleries-title-color-normal)}a.elementor-item.elementor-gallery-title.elementor-item-active,a.elementor-item.elementor-gallery-title.highlighted,a.elementor-item.elementor-gallery-title:focus,a.elementor-item.elementor-gallery-title:hover{color:var(--galleries-title-color-hover)}a.elementor-item.elementor-gallery-title.elementor-item-active{color:var(--gallery-title-color-active)}<\/style>\t\t<div class=\"elementor-gallery__container\">\n\t\t\t\t\t\t\t<div class=\"e-gallery-item elementor-gallery-item elementor-animated-content\">\n\t\t\t\t\t<div class=\"e-gallery-image elementor-gallery-item__image\" data-thumbnail=\"https:\/\/llasa.cl\/wp-content\/uploads\/2022\/06\/024-300x240.jpg\" data-width=\"300\" data-height=\"240\" alt=\"\" ><\/div>\n\t\t\t\t\t\t\t\t\t\t\t<div class=\"elementor-gallery-item__overlay\"><\/div>\n\t\t\t\t\t\t\t\t\t\t\t\t\t\t<\/div>\n\t\t\t\t\t<\/div>\n\t\t\t<\/div>\n\t\t\t\t<\/div>\n\t\t\t\t\t<\/div>\n\t\t<\/div>\n\t\t\t\t<div class=\"elementor-column elementor-col-50 elementor-top-column elementor-element elementor-element-118902a\" data-id=\"118902a\" data-element_type=\"column\">\n\t\t\t<div class=\"elementor-widget-wrap elementor-element-populated\">\n\t\t\t\t\t\t\t\t<section class=\"elementor-section elementor-inner-section elementor-element elementor-element-5bd156fb elementor-section-boxed elementor-section-height-default elementor-section-height-default\" data-id=\"5bd156fb\" data-element_type=\"section\">\n\t\t\t\t\t\t<div class=\"elementor-container elementor-column-gap-default\">\n\t\t\t\t\t<div class=\"elementor-column elementor-col-100 elementor-inner-column elementor-element elementor-element-7f21241c\" data-id=\"7f21241c\" data-element_type=\"column\">\n\t\t\t<div class=\"elementor-widget-wrap elementor-element-populated\">\n\t\t\t\t\t\t\t\t<div class=\"elementor-element elementor-element-6f44e3d9 elementor-widget elementor-widget-text-editor\" data-id=\"6f44e3d9\" data-element_type=\"widget\" data-widget_type=\"text-editor.default\">\n\t\t\t\t<div class=\"elementor-widget-container\">\n\t\t\t<style>\/*! elementor - v3.6.4 - 13-04-2022 *\/\n.elementor-widget-text-editor.elementor-drop-cap-view-stacked .elementor-drop-cap{background-color:#818a91;color:#fff}.elementor-widget-text-editor.elementor-drop-cap-view-framed .elementor-drop-cap{color:#818a91;border:3px solid;background-color:transparent}.elementor-widget-text-editor:not(.elementor-drop-cap-view-default) .elementor-drop-cap{margin-top:8px}.elementor-widget-text-editor:not(.elementor-drop-cap-view-default) .elementor-drop-cap-letter{width:1em;height:1em}.elementor-widget-text-editor .elementor-drop-cap{float:left;text-align:center;line-height:1;font-size:50px}.elementor-widget-text-editor .elementor-drop-cap-letter{display:inline-block}<\/style>\t\t\t\t<h2 id=\"1\"><span style=\"color: #339966;\"><strong>TREATED POLES<\/strong><\/span><\/h2>\n<table style=\"border-collapse: collapse; table-layout: fixed; width: 601px; height: 300px;\" width=\"506\">\n<tbody>\n<tr>\n<td id=\"bgcolor\"><span style=\"color: #000000;\"><strong>DESCRIPTION<\/strong><\/span><\/td>\n<td colspan=\"3\"><span style=\"color: #000000;\"><strong>The cylinder pole is obtained from the unwinding of the pine pieces that are used for the manufacture of plywood, which guarantees a uniform diameter.<\/strong><\/span><\/td>\n<\/tr>\n<tr>\n<td id=\"bgcolor\"><span style=\"color: #000000;\"><strong>CHARACTERISTICS<\/strong><\/span><\/td>\n<td colspan=\"3\"><span style=\"color: #000000;\"><strong>Cylindrical pole of uniform diameter. \nWood impregnated with Chromated Copper Arsenate \/ CCA but they are not certificated due to the low chemical assimilation<\/strong><\/span><\/td>\n<\/tr>\n<tr>\n<td id=\"bgcolor\"><span style=\"color: #000000;\"><strong>USE<\/strong><\/span><\/td>\n<td colspan=\"3\"><span style=\"color: #000000;\"><strong>It is recommended for ornamental uses in gardening such as fences, stakes, or fruit vines.\nIt is not recommended in definitive constructions since its origin does not allow to guarantee structural stability.\nSuitable for the construction of children's playgrounds.<\/strong><\/span><\/td>\n<\/tr>\n<tr>\n<td id=\"bgcolor\"><span style=\"color: #000000;\"><strong>MOISTURE<\/strong><\/span><\/td>\n<td colspan=\"3\"><span style=\"color: #000000;\"><strong>\u00a0<\/strong><\/span><\/td>\n<\/tr>\n<tr>\n<td id=\"bgcolor\" rowspan=\"6\"><span style=\"color: #000000;\"><strong>SIZE<\/strong><\/span><\/td>\n<td id=\"bgcolor\" colspan=\"3\"><span style=\"color: #000000;\"><strong>SIZE CHART<\/strong><\/span><\/td>\n<\/tr>\n<tr>\n<td id=\"bgcolor\"><span style=\"color: #000000;\"><b>Diameter<\/b><\/span><\/td>\n<td id=\"bgcolor\"><span style=\"color: #000000;\"><b>Length<\/b><\/span><\/td>\n<td id=\"bgcolor\"><\/td>\n<\/tr>\n<tr>\n<td><span style=\"color: #000000;\"><strong>Desde 3&#8243; hasta 6&#8243;<\/strong><\/span><\/td>\n<td><span style=\"color: #000000;\"><strong>\u00a01,1m a 2,6m<\/strong><\/span><\/td>\n<td><span style=\"color: #000000;\"><strong>\u00a0<\/strong><\/span><\/td>\n<\/tr>\n<tr>\n<td id=\"bgcolor\" colspan=\"3\"><\/td>\n<\/tr>\n<tr>\n<td id=\"bgcolor\"><\/td>\n<td id=\"bgcolor\"><\/td>\n<td id=\"bgcolor\"><\/td>\n<\/tr>\n<tr>\n<td><span style=\"color: #000000;\"><strong>\u00a0<\/strong><\/span><\/td>\n<td><span style=\"color: #000000;\"><strong>\u00a0<\/strong><\/span><\/td>\n<td><span style=\"color: #000000;\"><strong>\u00a0<\/strong><\/span><\/td>\n<\/tr>\n<tr>\n<td id=\"bgcolor\"><\/td>\n<td><\/td>\n<td><\/td>\n<td style=\"text-align: center;\"><\/td>\n<\/tr>\n<tr>\n<td id=\"bgcolor\"><span style=\"color: #000000;\"><strong>DOWNLOAD \/ PRINT<\/strong><\/span><\/td>\n<td colspan=\"3\"><strong>\u00a0<a href=\"http:\/\/llasa.cl\/wp-content\/uploads\/2022\/08\/0023-Rollete-Impregnado_FICHA-DEFINITIVA.pdf\">Download link ES<\/a> \/ <a href=\"http:\/\/llasa.cl\/wp-content\/uploads\/2022\/08\/0023-Rollete-Impregnado_FICHA-DEFINITIVA-en-GB.pdf\">Download link EN<\/a><\/strong><\/td>\n<\/tr>\n<\/tbody>\n<\/table>\t\t\t\t\t\t<\/div>\n\t\t\t\t<\/div>\n\t\t\t\t\t<\/div>\n\t\t<\/div>\n\t\t\t\t\t\t\t<\/div>\n\t\t<\/section>\n\t\t\t\t\t<\/div>\n\t\t<\/div>\n\t\t\t\t\t\t\t<\/div>\n\t\t<\/section>\n\t\t\t\t\t\t\t<\/div>","protected":false},"excerpt":{"rendered":"<p>FICHA DE PRODUCTOS ROLLETE ROLLETE IMPREGNADO DESCRIPCI\u00d3N El rollete cilindrado se obtiene del debobinado de los trozos de Pino Radiata que se utiliza para la fabricaci\u00f3n de terciado, lo que garantiza un di\u00e1metro uniforme. CARACTER\u00cdSTICAS Rollete cilindrado de di\u00e1metro uniforme. Madera impregnada Arseniato de Cobre Cromatado \/ CCA. USOS Se recomienda para usos ornamentales en &hellip;<\/p>\n<p class=\"read-more\"> <a class=\"\" href=\"https:\/\/llasa.cl\/en\/ficha-de-productos-rollete\/\"> <span class=\"screen-reader-text\">Ficha de Productos Rollete<\/span> Read More &raquo;<\/a><\/p>","protected":false},"author":1,"featured_media":0,"parent":0,"menu_order":0,"comment_status":"closed","ping_status":"closed","template":"","meta":{"site-sidebar-layout":"no-sidebar","site-content-layout":"page-builder","ast-main-header-display":"","ast-hfb-above-header-display":"","ast-hfb-below-header-display":"","ast-hfb-mobile-header-display":"","site-post-title":"disabled","ast-breadcrumbs-content":"","ast-featured-img":"disabled","footer-sml-layout":"","theme-transparent-header-meta":"","adv-header-id-meta":"","stick-header-meta":"","header-above-stick-meta":"","header-main-stick-meta":"","header-below-stick-meta":"","footnotes":""},"class_list":["post-1084","page","type-page","status-publish","hentry"],"_links":{"self":[{"href":"https:\/\/llasa.cl\/en\/wp-json\/wp\/v2\/pages\/1084","targetHints":{"allow":["GET"]}}],"collection":[{"href":"https:\/\/llasa.cl\/en\/wp-json\/wp\/v2\/pages"}],"about":[{"href":"https:\/\/llasa.cl\/en\/wp-json\/wp\/v2\/types\/page"}],"author":[{"embeddable":true,"href":"https:\/\/llasa.cl\/en\/wp-json\/wp\/v2\/users\/1"}],"replies":[{"embeddable":true,"href":"https:\/\/llasa.cl\/en\/wp-json\/wp\/v2\/comments?post=1084"}],"version-history":[{"count":19,"href":"https:\/\/llasa.cl\/en\/wp-json\/wp\/v2\/pages\/1084\/revisions"}],"predecessor-version":[{"id":1588,"href":"https:\/\/llasa.cl\/en\/wp-json\/wp\/v2\/pages\/1084\/revisions\/1588"}],"wp:attachment":[{"href":"https:\/\/llasa.cl\/en\/wp-json\/wp\/v2\/media?parent=1084"}],"curies":[{"name":"wp","href":"https:\/\/api.w.org\/{rel}","templated":true}]}}